{"id":622,"date":"2019-03-20T14:57:40","date_gmt":"2019-03-20T14:57:40","guid":{"rendered":"http:\/\/events.visitcaerphilly.com\/?page_id=622"},"modified":"2026-02-19T13:25:59","modified_gmt":"2026-02-19T13:25:59","slug":"y-caws-mawr-2019","status":"publish","type":"page","link":"https:\/\/www.caerphillycheesefestival.co.uk\/cy\/","title":{"rendered":"G\u0175yl Caws Caerffili 2026"},"content":{"rendered":"<p>Dweud caws! Mae T\u00eem Digwyddiadau Cyngor Bwrdeistref Sirol Caerffili yn falch o gyhoeddi bod G\u0175yl Caws Caerffili yn dychwelyd ar dydd Sadwrn 29 a dydd Sul 30 Awst!<\/p>\n<p>Paratowch am benwythnos bendigedig o gerddoriaeth fyw, bwyd gwych a llawer o hwyl! Gan gynnwys stondinau bwyd, diod a chrefftau, ffair hwyl, diddanwyr stryd, a llawer i&#8217;w gynnig gan fusnesau canol y dref, mae rhywbeth i bawb.<\/p>\n<p>Bydd yr \u0175yl yn cael ei chynnal yng nghanol tref Caerffili, CF83 1JL, ac y man glaswelltog y tu \u00f4l i Gastell Caerffili. Bydd digonedd o stondinau bwyd, crefft a diod gyda chwrt bwyd poeth arbennig ac ardal yfed ym Maes Parcio\u2019r Twyn.<\/p>\n<p>Mae&#8217;r digwyddiad yn cynnwys dros 25 o berfformwyr ar draws 3 phrif ardal gerddoriaeth fyw:<br \/>\n&#8211; Llwyfan y Foneddiges Werdd (Heol Caerdydd)<br \/>\n&#8211; Llwyfan y Castell Moat (Heol y Cilgant \/ y tu \u00f4l i Gastell Caerffili)<br \/>\n&#8211; Prif Lwyfan y T\u0175r Cam (Maes Parcio&#8217;r Twyn)<\/p>\n<p>Ar gyfer pob ymholiad am ddigwyddiad, e-bostiwch <span style=\"color: #ff9900;\"><a style=\"color: #ff9900;\" href=\"mailto:digwyddiadau@caerffili.gov.uk\"><strong>digwyddiadau@caerffili.gov.uk<\/strong><\/a><\/span> neu ffonio <strong>01443 866390<\/strong>.<\/p>\n<p>Mae&#8217;r prosiect hwn wedi&#8217;i ariannu&#8217;n rhannol gan <span style=\"color: #ff9900;\"><strong>Cyngor Tref Caerffili<\/strong><\/span>, a drefnir gan <span style=\"color: #ff9900;\"><strong>Cyngor Bwrdeistref Sirol Caerffili<\/strong><\/span>.<\/p>\n<p>I wneud cais am ofod masnach yn unrhyw un neu ragor o\u2019r digwyddiadau eleni, llenwch y\u00a0<u><a href=\"https:\/\/forms.office.com\/Pages\/ResponsePage.aspx?id=vGg9Ws-tLkaRgSm0tCsxTVJY7Z2yxWNFuGZu87LWlj1UQjI3SzhZVUVTS0paS0hRTklTRUVQQlQyUC4u&amp;lang=cy-gb\"><span style=\"color: #ff9900;\"><strong>ffurflen gais ar-lein<\/strong><\/span><\/a><\/u>.<\/p>\n<p>Sylwer: Gall yr holl wybodaeth newid.<\/p>\n","protected":false},"excerpt":{"rendered":"<p>Dweud caws! Mae T\u00eem Digwyddiadau Cyngor Bwrdeistref Sirol Caerffili yn falch o gyhoeddi bod G\u0175yl Caws Caerffili yn dychwelyd ar dydd Sadwrn 29 a dydd Sul 30 Awst! Paratowch am benwythnos bendigedig o gerddoriaeth fyw, bwyd gwych a llawer o hwyl! Gan gynnwys stondinau bwyd, diod a chrefftau, ffair hwyl, diddanwyr stryd, a llawer i&#8217;w [&hellip;]<\/p>\n","protected":false},"author":4,"featured_media":211,"parent":0,"menu_order":0,"comment_status":"closed","ping_status":"closed","template":"templates\/main.php","meta":{"_acf_changed":false,"inline_featured_image":false,"footnotes":""},"class_list":["post-622","page","type-page","status-publish","has-post-thumbnail","hentry"],"acf":[],"yoast_head":"<!-- This site is optimized with the Yoast SEO plugin v27.3 - https:\/\/yoast.com\/product\/yoast-seo-wordpress\/ -->\n<title>Visit Caerphilly<\/title>\n<meta name=\"robots\" content=\"index, follow, max-snippet:-1, max-image-preview:large, max-video-preview:-1\" \/>\n<link rel=\"canonical\" href=\"https:\/\/www.caerphillycheesefestival.co.uk\/cy\/\" \/>\n<meta property=\"og:locale\" content=\"cy_GB\" \/>\n<meta property=\"og:type\" content=\"article\" \/>\n<meta property=\"og:title\" content=\"Visit Caerphilly\" \/>\n<meta property=\"og:description\" content=\"Dweud caws! Mae T\u00eem Digwyddiadau Cyngor Bwrdeistref Sirol Caerffili yn falch o gyhoeddi bod G\u0175yl Caws Caerffili yn dychwelyd ar dydd Sadwrn 29 a dydd Sul 30 Awst! Paratowch am benwythnos bendigedig o gerddoriaeth fyw, bwyd gwych a llawer o hwyl! Gan gynnwys stondinau bwyd, diod a chrefftau, ffair hwyl, diddanwyr stryd, a llawer i&#8217;w [&hellip;]\" \/>\n<meta property=\"og:url\" content=\"https:\/\/www.caerphillycheesefestival.co.uk\/cy\/\" \/>\n<meta property=\"og:site_name\" content=\"Caerphilly Cheese Festival\" \/>\n<meta property=\"article:modified_time\" content=\"2026-02-19T13:25:59+00:00\" \/>\n<meta property=\"og:image\" content=\"https:\/\/www.caerphillycheesefestival.co.uk\/wp-content\/uploads\/2018\/07\/Big-Cheese-Saturday_149.jpg\" \/>\n\t<meta property=\"og:image:width\" content=\"1600\" \/>\n\t<meta property=\"og:image:height\" content=\"1064\" \/>\n\t<meta property=\"og:image:type\" content=\"image\/jpeg\" \/>\n<meta name=\"twitter:card\" content=\"summary_large_image\" \/>\n<meta name=\"twitter:label1\" content=\"Est. reading time\" \/>\n\t<meta name=\"twitter:data1\" content=\"2 minutes\" \/>\n<script type=\"application\/ld+json\" class=\"yoast-schema-graph\">{\"@context\":\"https:\\\/\\\/schema.org\",\"@graph\":[{\"@type\":\"WebPage\",\"@id\":\"https:\\\/\\\/www.caerphillycheesefestival.co.uk\\\/cy\\\/\",\"url\":\"https:\\\/\\\/www.caerphillycheesefestival.co.uk\\\/cy\\\/\",\"name\":\"Visit Caerphilly\",\"isPartOf\":{\"@id\":\"https:\\\/\\\/www.caerphillycheesefestival.co.uk\\\/#website\"},\"primaryImageOfPage\":{\"@id\":\"https:\\\/\\\/www.caerphillycheesefestival.co.uk\\\/cy\\\/#primaryimage\"},\"image\":{\"@id\":\"https:\\\/\\\/www.caerphillycheesefestival.co.uk\\\/cy\\\/#primaryimage\"},\"thumbnailUrl\":\"https:\\\/\\\/www.caerphillycheesefestival.co.uk\\\/wp-content\\\/uploads\\\/2018\\\/07\\\/Big-Cheese-Saturday_149.jpg\",\"datePublished\":\"2019-03-20T14:57:40+00:00\",\"dateModified\":\"2026-02-19T13:25:59+00:00\",\"breadcrumb\":{\"@id\":\"https:\\\/\\\/www.caerphillycheesefestival.co.uk\\\/cy\\\/#breadcrumb\"},\"inLanguage\":\"cy-GB\",\"potentialAction\":[{\"@type\":\"ReadAction\",\"target\":[\"https:\\\/\\\/www.caerphillycheesefestival.co.uk\\\/cy\\\/\"]}]},{\"@type\":\"ImageObject\",\"inLanguage\":\"cy-GB\",\"@id\":\"https:\\\/\\\/www.caerphillycheesefestival.co.uk\\\/cy\\\/#primaryimage\",\"url\":\"https:\\\/\\\/www.caerphillycheesefestival.co.uk\\\/wp-content\\\/uploads\\\/2018\\\/07\\\/Big-Cheese-Saturday_149.jpg\",\"contentUrl\":\"https:\\\/\\\/www.caerphillycheesefestival.co.uk\\\/wp-content\\\/uploads\\\/2018\\\/07\\\/Big-Cheese-Saturday_149.jpg\",\"width\":1600,\"height\":1064},{\"@type\":\"BreadcrumbList\",\"@id\":\"https:\\\/\\\/www.caerphillycheesefestival.co.uk\\\/cy\\\/#breadcrumb\",\"itemListElement\":[{\"@type\":\"ListItem\",\"position\":1,\"name\":\"Home\",\"item\":\"https:\\\/\\\/www.caerphillycheesefestival.co.uk\\\/cy\\\/\"},{\"@type\":\"ListItem\",\"position\":2,\"name\":\"G\u0175yl Caws Caerffili 2026\"}]},{\"@type\":\"WebSite\",\"@id\":\"https:\\\/\\\/www.caerphillycheesefestival.co.uk\\\/#website\",\"url\":\"https:\\\/\\\/www.caerphillycheesefestival.co.uk\\\/\",\"name\":\"Caerphilly Cheese Festival\",\"description\":\"Visit Caerphilly\",\"potentialAction\":[{\"@type\":\"SearchAction\",\"target\":{\"@type\":\"EntryPoint\",\"urlTemplate\":\"https:\\\/\\\/www.caerphillycheesefestival.co.uk\\\/?s={search_term_string}\"},\"query-input\":{\"@type\":\"PropertyValueSpecification\",\"valueRequired\":true,\"valueName\":\"search_term_string\"}}],\"inLanguage\":\"cy-GB\"}]}<\/script>\n<!-- \/ Yoast SEO plugin. -->","yoast_head_json":{"title":"Visit Caerphilly","robots":{"index":"index","follow":"follow","max-snippet":"max-snippet:-1","max-image-preview":"max-image-preview:large","max-video-preview":"max-video-preview:-1"},"canonical":"https:\/\/www.caerphillycheesefestival.co.uk\/cy\/","og_locale":"cy_GB","og_type":"article","og_title":"Visit Caerphilly","og_description":"Dweud caws! Mae T\u00eem Digwyddiadau Cyngor Bwrdeistref Sirol Caerffili yn falch o gyhoeddi bod G\u0175yl Caws Caerffili yn dychwelyd ar dydd Sadwrn 29 a dydd Sul 30 Awst! Paratowch am benwythnos bendigedig o gerddoriaeth fyw, bwyd gwych a llawer o hwyl! Gan gynnwys stondinau bwyd, diod a chrefftau, ffair hwyl, diddanwyr stryd, a llawer i&#8217;w [&hellip;]","og_url":"https:\/\/www.caerphillycheesefestival.co.uk\/cy\/","og_site_name":"Caerphilly Cheese Festival","article_modified_time":"2026-02-19T13:25:59+00:00","og_image":[{"width":1600,"height":1064,"url":"https:\/\/www.caerphillycheesefestival.co.uk\/wp-content\/uploads\/2018\/07\/Big-Cheese-Saturday_149.jpg","type":"image\/jpeg"}],"twitter_card":"summary_large_image","twitter_misc":{"Est. reading time":"2 minutes"},"schema":{"@context":"https:\/\/schema.org","@graph":[{"@type":"WebPage","@id":"https:\/\/www.caerphillycheesefestival.co.uk\/cy\/","url":"https:\/\/www.caerphillycheesefestival.co.uk\/cy\/","name":"Visit Caerphilly","isPartOf":{"@id":"https:\/\/www.caerphillycheesefestival.co.uk\/#website"},"primaryImageOfPage":{"@id":"https:\/\/www.caerphillycheesefestival.co.uk\/cy\/#primaryimage"},"image":{"@id":"https:\/\/www.caerphillycheesefestival.co.uk\/cy\/#primaryimage"},"thumbnailUrl":"https:\/\/www.caerphillycheesefestival.co.uk\/wp-content\/uploads\/2018\/07\/Big-Cheese-Saturday_149.jpg","datePublished":"2019-03-20T14:57:40+00:00","dateModified":"2026-02-19T13:25:59+00:00","breadcrumb":{"@id":"https:\/\/www.caerphillycheesefestival.co.uk\/cy\/#breadcrumb"},"inLanguage":"cy-GB","potentialAction":[{"@type":"ReadAction","target":["https:\/\/www.caerphillycheesefestival.co.uk\/cy\/"]}]},{"@type":"ImageObject","inLanguage":"cy-GB","@id":"https:\/\/www.caerphillycheesefestival.co.uk\/cy\/#primaryimage","url":"https:\/\/www.caerphillycheesefestival.co.uk\/wp-content\/uploads\/2018\/07\/Big-Cheese-Saturday_149.jpg","contentUrl":"https:\/\/www.caerphillycheesefestival.co.uk\/wp-content\/uploads\/2018\/07\/Big-Cheese-Saturday_149.jpg","width":1600,"height":1064},{"@type":"BreadcrumbList","@id":"https:\/\/www.caerphillycheesefestival.co.uk\/cy\/#breadcrumb","itemListElement":[{"@type":"ListItem","position":1,"name":"Home","item":"https:\/\/www.caerphillycheesefestival.co.uk\/cy\/"},{"@type":"ListItem","position":2,"name":"G\u0175yl Caws Caerffili 2026"}]},{"@type":"WebSite","@id":"https:\/\/www.caerphillycheesefestival.co.uk\/#website","url":"https:\/\/www.caerphillycheesefestival.co.uk\/","name":"Caerphilly Cheese Festival","description":"Visit Caerphilly","potentialAction":[{"@type":"SearchAction","target":{"@type":"EntryPoint","urlTemplate":"https:\/\/www.caerphillycheesefestival.co.uk\/?s={search_term_string}"},"query-input":{"@type":"PropertyValueSpecification","valueRequired":true,"valueName":"search_term_string"}}],"inLanguage":"cy-GB"}]}},"_links":{"self":[{"href":"https:\/\/www.caerphillycheesefestival.co.uk\/cy\/wp-json\/wp\/v2\/pages\/622","targetHints":{"allow":["GET"]}}],"collection":[{"href":"https:\/\/www.caerphillycheesefestival.co.uk\/cy\/wp-json\/wp\/v2\/pages"}],"about":[{"href":"https:\/\/www.caerphillycheesefestival.co.uk\/cy\/wp-json\/wp\/v2\/types\/page"}],"author":[{"embeddable":true,"href":"https:\/\/www.caerphillycheesefestival.co.uk\/cy\/wp-json\/wp\/v2\/users\/4"}],"replies":[{"embeddable":true,"href":"https:\/\/www.caerphillycheesefestival.co.uk\/cy\/wp-json\/wp\/v2\/comments?post=622"}],"version-history":[{"count":0,"href":"https:\/\/www.caerphillycheesefestival.co.uk\/cy\/wp-json\/wp\/v2\/pages\/622\/revisions"}],"wp:featuredmedia":[{"embeddable":true,"href":"https:\/\/www.caerphillycheesefestival.co.uk\/cy\/wp-json\/wp\/v2\/media\/211"}],"wp:attachment":[{"href":"https:\/\/www.caerphillycheesefestival.co.uk\/cy\/wp-json\/wp\/v2\/media?parent=622"}],"curies":[{"name":"wp","href":"https:\/\/api.w.org\/{rel}","templated":true}]}}